{"id":13317,"date":"2025-04-07T08:50:38","date_gmt":"2025-04-07T08:50:38","guid":{"rendered":"https:\/\/tangointeriorismo.com\/?page_id=13317"},"modified":"2025-04-14T11:31:53","modified_gmt":"2025-04-14T11:31:53","slug":"diseno-de-interiores","status":"publish","type":"page","link":"https:\/\/tangointeriorismo.com\/fr\/","title":{"rendered":"Home"},"content":{"rendered":"<div data-elementor-type=\"wp-page\" data-elementor-id=\"13317\" class=\"elementor elementor-13317\" data-elementor-post-type=\"page\">\n\t\t\t\t\t\t<section class=\"elementor-section elementor-top-section elementor-element elementor-element-3fe2c94d elementor-section-full_width elementor-section-height-min-height elementor-section-items-stretch elementor-section-height-default\" data-id=\"3fe2c94d\" data-element_type=\"section\" id=\"uppage\">\n\t\t\t\t\t\t<div class=\"elementor-container elementor-column-gap-default\">\n\t\t\t\t\t<div class=\"elementor-column elementor-col-100 elementor-top-column elementor-element elementor-element-41823d2a\" data-id=\"41823d2a\" data-element_type=\"column\" data-settings=\"{&quot;background_background&quot;:&quot;classic&quot;}\">\n\t\t\t<div class=\"elementor-widget-wrap elementor-element-populated\">\n\t\t\t\t\t<div class=\"elementor-background-overlay\"><\/div>\n\t\t\t\t\t\t<section class=\"elementor-section elementor-inner-section elementor-element elementor-element-116e7191 elementor-section-full_width elementor-section-height-min-height elementor-section-height-default\" data-id=\"116e7191\" data-element_type=\"section\">\n\t\t\t\t\t\t<div class=\"elementor-container elementor-column-gap-default\">\n\t\t\t\t\t<div class=\"elementor-column elementor-col-100 elementor-inner-column elementor-element elementor-element-5b73cd91\" data-id=\"5b73cd91\" data-element_type=\"column\">\n\t\t\t<div class=\"elementor-widget-wrap elementor-element-populated\">\n\t\t\t\t\t\t<div class=\"elementor-element elementor-element-287f942 elementor-fixed elementor-widget elementor-widget-image\" data-id=\"287f942\" data-element_type=\"widget\" data-settings=\"{&quot;_position&quot;:&quot;fixed&quot;}\" data-widget_type=\"image.default\">\n\t\t\t\t<div class=\"elementor-widget-container\">\n\t\t\t\t\t\t\t\t\t\t\t\t\t\t\t<img fetchpriority=\"high\" decoding=\"async\" width=\"1600\" height=\"996\" src=\"https:\/\/tangointeriorismo.com\/wp-content\/uploads\/2024\/04\/WhatsApp-Image-2024-04-27-at-20.48.35-1.jpeg\" class=\"attachment-2048x2048 size-2048x2048 wp-image-5088\" alt=\"\" srcset=\"https:\/\/tangointeriorismo.com\/wp-content\/uploads\/2024\/04\/WhatsApp-Image-2024-04-27-at-20.48.35-1.jpeg 1600w, https:\/\/tangointeriorismo.com\/wp-content\/uploads\/2024\/04\/WhatsApp-Image-2024-04-27-at-20.48.35-1-300x187.jpeg 300w, https:\/\/tangointeriorismo.com\/wp-content\/uploads\/2024\/04\/WhatsApp-Image-2024-04-27-at-20.48.35-1-1024x637.jpeg 1024w, https:\/\/tangointeriorismo.com\/wp-content\/uploads\/2024\/04\/WhatsApp-Image-2024-04-27-at-20.48.35-1-768x478.jpeg 768w, https:\/\/tangointeriorismo.com\/wp-content\/uploads\/2024\/04\/WhatsApp-Image-2024-04-27-at-20.48.35-1-1536x956.jpeg 1536w\" sizes=\"(max-width: 1600px) 100vw, 1600px\" \/>\t\t\t\t\t\t\t\t\t\t\t\t\t\t\t<\/div>\n\t\t\t\t<\/div>\n\t\t\t\t\t<\/div>\n\t\t<\/div>\n\t\t\t\t\t<\/div>\n\t\t<\/section>\n\t\t\t\t<section class=\"elementor-section elementor-inner-section elementor-element elementor-element-22c6242 elementor-section-boxed elementor-section-height-default elementor-section-height-default\" data-id=\"22c6242\" data-element_type=\"section\">\n\t\t\t\t\t\t<div class=\"elementor-container elementor-column-gap-default\">\n\t\t\t\t\t<div class=\"elementor-column elementor-col-100 elementor-inner-column elementor-element elementor-element-1052bd2\" data-id=\"1052bd2\" data-element_type=\"column\">\n\t\t\t<div class=\"elementor-widget-wrap elementor-element-populated\">\n\t\t\t\t\t\t<div class=\"elementor-element elementor-element-159f306 elementor-widget elementor-widget-heading\" data-id=\"159f306\" data-element_type=\"widget\" data-widget_type=\"heading.default\">\n\t\t\t\t<div class=\"elementor-widget-container\">\n\t\t\t\t\t<h2 class=\"elementor-heading-title elementor-size-default\"><a href=\"https:\/\/tangointeriorismo.com\/fr\/interiorismo-decoracion-viviendas\/\">Viviendas<\/a><\/h2>\t\t\t\t<\/div>\n\t\t\t\t<\/div>\n\t\t\t\t<div class=\"elementor-element elementor-element-99039ae elementor-widget elementor-widget-heading\" data-id=\"99039ae\" data-element_type=\"widget\" data-widget_type=\"heading.default\">\n\t\t\t\t<div class=\"elementor-widget-container\">\n\t\t\t\t\t<h2 class=\"elementor-heading-title elementor-size-default\"><a href=\"https:\/\/tangointeriorismo.com\/fr\/diseno-reforma-espacios-comerciales\/\">comercial<\/a><\/h2>\t\t\t\t<\/div>\n\t\t\t\t<\/div>\n\t\t\t\t<div class=\"elementor-element elementor-element-2f5f0b3 elementor-widget elementor-widget-heading\" data-id=\"2f5f0b3\" data-element_type=\"widget\" data-widget_type=\"heading.default\">\n\t\t\t\t<div class=\"elementor-widget-container\">\n\t\t\t\t\t<h2 class=\"elementor-heading-title elementor-size-default\"><a href=\"https:\/\/tangointeriorismo.com\/fr\/infografias\/\">infograf\u00edas<\/a><\/h2>\t\t\t\t<\/div>\n\t\t\t\t<\/div>\n\t\t\t\t<div class=\"elementor-element elementor-element-1fc3534 elementor-widget elementor-widget-heading\" data-id=\"1fc3534\" data-element_type=\"widget\" data-widget_type=\"heading.default\">\n\t\t\t\t<div class=\"elementor-widget-container\">\n\t\t\t\t\t<h2 class=\"elementor-heading-title elementor-size-default\"><a href=\"https:\/\/www.tangoestudio.com\/diseno-grafico-malaga\/\">branding<\/a><\/h2>\t\t\t\t<\/div>\n\t\t\t\t<\/div>\n\t\t\t\t<div class=\"elementor-element elementor-element-5394a2d2 elementor-widget__width-auto elementor-absolute elementor-widget elementor-widget-button\" data-id=\"5394a2d2\" data-element_type=\"widget\" data-settings=\"{&quot;_position&quot;:&quot;absolute&quot;}\" data-widget_type=\"button.default\">\n\t\t\t\t<div class=\"elementor-widget-container\">\n\t\t\t\t\t\t\t\t\t<div class=\"elementor-button-wrapper\">\n\t\t\t\t\t<a class=\"elementor-button elementor-button-link elementor-size-sm\" href=\"#down\">\n\t\t\t\t\t\t<span class=\"elementor-button-content-wrapper\">\n\t\t\t\t\t\t<span class=\"elementor-button-icon\">\n\t\t\t\t<svg xmlns=\"http:\/\/www.w3.org\/2000\/svg\" id=\"ec6ca7c9-bfc0-4ab1-87c3-ea5e815431b5\" data-name=\"Layer 1\" width=\"14.4853\" height=\"44.2426\" viewbox=\"0 0 14.4853 44.2426\"><title>Arrow-home<\/title><polygon points=\"13.071 35.454 8.242 40.283 8.243 0 6.243 0 6.242 40.585 1.414 35.757 0 37.172 7.071 44.243 7.394 43.919 7.414 43.94 14.485 36.868 13.071 35.454\" style=\"fill-rule:evenodd\"><\/polygon><\/svg>\t\t\t<\/span>\n\t\t\t\t\t\t\t\t<\/span>\n\t\t\t\t\t<\/a>\n\t\t\t\t<\/div>\n\t\t\t\t\t\t\t\t<\/div>\n\t\t\t\t<\/div>\n\t\t\t\t\t<\/div>\n\t\t<\/div>\n\t\t\t\t\t<\/div>\n\t\t<\/section>\n\t\t\t\t\t<\/div>\n\t\t<\/div>\n\t\t\t\t\t<\/div>\n\t\t<\/section>\n\t\t\t\t<section class=\"elementor-section elementor-top-section elementor-element elementor-element-7de32d4 elementor-section-full_width elementor-section-height-min-height elementor-section-items-stretch elementor-section-content-middle sticky-section-1 sticky elementor-section-height-default\" data-id=\"7de32d4\" data-element_type=\"section\">\n\t\t\t\t\t\t<div class=\"elementor-container elementor-column-gap-default\">\n\t\t\t\t\t<div class=\"elementor-column elementor-col-100 elementor-top-column elementor-element elementor-element-4034e4f9\" data-id=\"4034e4f9\" data-element_type=\"column\">\n\t\t\t<div class=\"elementor-widget-wrap elementor-element-populated\">\n\t\t\t\t\t\t<div class=\"elementor-element elementor-element-3d48edb elementor-widget__width-auto textito elementor-widget elementor-widget-text-editor\" data-id=\"3d48edb\" data-element_type=\"widget\" data-widget_type=\"text-editor.default\">\n\t\t\t\t<div class=\"elementor-widget-container\">\n\t\t\t\t\t\t\t\t\t<h2>Viviendas<\/h2>Especialistas en proyectos de interiorismo y decoraci\u00f3n, podr\u00e1s rehabilitar, reformar, dise\u00f1ar y decorar tu tienda, local o vivienda.\t\t\t\t\t\t\t\t<\/div>\n\t\t\t\t<\/div>\n\t\t\t\t<div class=\"elementor-element elementor-element-7b9aba50 imagen-fondo-1 elementor-widget elementor-widget-image\" data-id=\"7b9aba50\" data-element_type=\"widget\" data-widget_type=\"image.default\">\n\t\t\t\t<div class=\"elementor-widget-container\">\n\t\t\t\t\t\t\t\t\t\t\t\t\t\t\t\t<a href=\"https:\/\/tangointeriorismo.com\/fr\/interiorismo-decoracion-viviendas\/\">\n\t\t\t\t\t\t\t<img decoding=\"async\" width=\"2009\" height=\"1125\" data-src=\"https:\/\/tangointeriorismo.com\/wp-content\/uploads\/2023\/05\/COCINA-FINAL-CON-CAMPANA-1.jpg\" class=\"attachment-2048x2048 size-2048x2048 wp-image-1743 lazyload\" alt=\"Catamar\u00e1n\" data-srcset=\"https:\/\/tangointeriorismo.com\/wp-content\/uploads\/2023\/05\/COCINA-FINAL-CON-CAMPANA-1.jpg 2009w, https:\/\/tangointeriorismo.com\/wp-content\/uploads\/2023\/05\/COCINA-FINAL-CON-CAMPANA-1-300x168.jpg 300w, https:\/\/tangointeriorismo.com\/wp-content\/uploads\/2023\/05\/COCINA-FINAL-CON-CAMPANA-1-1024x573.jpg 1024w, https:\/\/tangointeriorismo.com\/wp-content\/uploads\/2023\/05\/COCINA-FINAL-CON-CAMPANA-1-768x430.jpg 768w, https:\/\/tangointeriorismo.com\/wp-content\/uploads\/2023\/05\/COCINA-FINAL-CON-CAMPANA-1-1536x860.jpg 1536w\" data-sizes=\"(max-width: 2009px) 100vw, 2009px\" src=\"data:image\/gif;base64,R0lGODlhAQABAAAAACH5BAEKAAEALAAAAAABAAEAAAICTAEAOw==\" style=\"--smush-placeholder-width: 2009px; --smush-placeholder-aspect-ratio: 2009\/1125;\" \/>\t\t\t\t\t\t\t\t<\/a>\n\t\t\t\t\t\t\t\t\t\t\t\t\t\t\t<\/div>\n\t\t\t\t<\/div>\n\t\t\t\t\t<\/div>\n\t\t<\/div>\n\t\t\t\t\t<\/div>\n\t\t<\/section>\n\t\t\t\t<section class=\"elementor-section elementor-top-section elementor-element elementor-element-10891923 elementor-section-full_width elementor-section-height-full elementor-section-items-stretch sticky-section-2 sticky elementor-section-height-default\" data-id=\"10891923\" data-element_type=\"section\">\n\t\t\t\t\t\t<div class=\"elementor-container elementor-column-gap-default\">\n\t\t\t\t\t<div class=\"elementor-column elementor-col-100 elementor-top-column elementor-element elementor-element-3858a25d\" data-id=\"3858a25d\" data-element_type=\"column\">\n\t\t\t<div class=\"elementor-widget-wrap elementor-element-populated\">\n\t\t\t\t\t<div class=\"elementor-background-overlay\"><\/div>\n\t\t\t\t\t\t<div class=\"elementor-element elementor-element-1b51333 elementor-widget__width-auto textito elementor-widget elementor-widget-text-editor\" data-id=\"1b51333\" data-element_type=\"widget\" data-widget_type=\"text-editor.default\">\n\t\t\t\t<div class=\"elementor-widget-container\">\n\t\t\t\t\t\t\t\t\t<h2>Comercial<\/h2>\nDecoradores especializados en dise\u00f1o de interiores en espacios comerciales.\nOfrecemos un servicio de gesti\u00f3n integral, abarcando todas las fases de la implantaci\u00f3n o reforma de un establecimiento, ya sea comercial u hosteler\u00eda.\t\t\t\t\t\t\t\t<\/div>\n\t\t\t\t<\/div>\n\t\t\t\t<div class=\"elementor-element elementor-element-7c71b82 elementor-widget elementor-widget-image\" data-id=\"7c71b82\" data-element_type=\"widget\" data-widget_type=\"image.default\">\n\t\t\t\t<div class=\"elementor-widget-container\">\n\t\t\t\t\t\t\t\t\t\t\t\t\t\t\t\t<a href=\"https:\/\/tangointeriorismo.com\/fr\/diseno-reforma-espacios-comerciales\/\">\n\t\t\t\t\t\t\t<img decoding=\"async\" width=\"2048\" height=\"1152\" data-src=\"https:\/\/tangointeriorismo.com\/wp-content\/uploads\/2023\/05\/vaba-barra-copia-2-2048x1152.jpg\" class=\"attachment-2048x2048 size-2048x2048 wp-image-2035 lazyload\" alt=\"vaba restaurante, decoraci\u00f3n y reformas de locales comerciales\" data-srcset=\"https:\/\/tangointeriorismo.com\/wp-content\/uploads\/2023\/05\/vaba-barra-copia-2-2048x1152.jpg 2048w, https:\/\/tangointeriorismo.com\/wp-content\/uploads\/2023\/05\/vaba-barra-copia-2-300x169.jpg 300w, https:\/\/tangointeriorismo.com\/wp-content\/uploads\/2023\/05\/vaba-barra-copia-2-1024x576.jpg 1024w, https:\/\/tangointeriorismo.com\/wp-content\/uploads\/2023\/05\/vaba-barra-copia-2-768x432.jpg 768w, https:\/\/tangointeriorismo.com\/wp-content\/uploads\/2023\/05\/vaba-barra-copia-2-1536x864.jpg 1536w\" data-sizes=\"(max-width: 2048px) 100vw, 2048px\" src=\"data:image\/gif;base64,R0lGODlhAQABAAAAACH5BAEKAAEALAAAAAABAAEAAAICTAEAOw==\" style=\"--smush-placeholder-width: 2048px; --smush-placeholder-aspect-ratio: 2048\/1152;\" \/>\t\t\t\t\t\t\t\t<\/a>\n\t\t\t\t\t\t\t\t\t\t\t\t\t\t\t<\/div>\n\t\t\t\t<\/div>\n\t\t\t\t\t<\/div>\n\t\t<\/div>\n\t\t\t\t\t<\/div>\n\t\t<\/section>\n\t\t\t\t<section class=\"elementor-section elementor-top-section elementor-element elementor-element-64d09e4 elementor-section-full_width elementor-section-height-full elementor-section-items-stretch elementor-section-content-bottom sticky-section-3 sticky elementor-section-height-default\" data-id=\"64d09e4\" data-element_type=\"section\" data-settings=\"{&quot;background_background&quot;:&quot;classic&quot;}\">\n\t\t\t\t\t\t<div class=\"elementor-container elementor-column-gap-default\">\n\t\t\t\t\t<div class=\"elementor-column elementor-col-100 elementor-top-column elementor-element elementor-element-7f8e2b6\" data-id=\"7f8e2b6\" data-element_type=\"column\">\n\t\t\t<div class=\"elementor-widget-wrap elementor-element-populated\">\n\t\t\t\t\t\t<div class=\"elementor-element elementor-element-f7f9103 elementor-widget__width-auto textito elementor-widget elementor-widget-text-editor\" data-id=\"f7f9103\" data-element_type=\"widget\" data-widget_type=\"text-editor.default\">\n\t\t\t\t<div class=\"elementor-widget-container\">\n\t\t\t\t\t\t\t\t\t<h2>Vacacional<\/h2>\nSomos profesionales de la decoraci\u00f3n. Amueblamos y decoramos pisos particulares, apartamentos tur\u00edsticos y de temporada. Una de las mayores ventajas de los alquileres vacacionales es la oportunidad que ofrecen para poder ser creativo con su dise\u00f1o de interiores. \t\t\t\t\t\t\t\t<\/div>\n\t\t\t\t<\/div>\n\t\t\t\t<div class=\"elementor-element elementor-element-c7130e0 elementor-widget elementor-widget-image\" data-id=\"c7130e0\" data-element_type=\"widget\" data-widget_type=\"image.default\">\n\t\t\t\t<div class=\"elementor-widget-container\">\n\t\t\t\t\t\t\t\t\t\t\t\t\t\t\t\t<a href=\"https:\/\/tangointeriorismo.com\/fr\/\">\n\t\t\t\t\t\t\t<img decoding=\"async\" width=\"1600\" height=\"1084\" data-src=\"https:\/\/tangointeriorismo.com\/wp-content\/uploads\/2023\/05\/dormitorio-1.jpg\" class=\"attachment-2048x2048 size-2048x2048 wp-image-1564 lazyload\" alt=\"\" data-srcset=\"https:\/\/tangointeriorismo.com\/wp-content\/uploads\/2023\/05\/dormitorio-1.jpg 1600w, https:\/\/tangointeriorismo.com\/wp-content\/uploads\/2023\/05\/dormitorio-1-300x203.jpg 300w, https:\/\/tangointeriorismo.com\/wp-content\/uploads\/2023\/05\/dormitorio-1-1024x694.jpg 1024w, https:\/\/tangointeriorismo.com\/wp-content\/uploads\/2023\/05\/dormitorio-1-768x520.jpg 768w, https:\/\/tangointeriorismo.com\/wp-content\/uploads\/2023\/05\/dormitorio-1-1536x1041.jpg 1536w\" data-sizes=\"(max-width: 1600px) 100vw, 1600px\" src=\"data:image\/gif;base64,R0lGODlhAQABAAAAACH5BAEKAAEALAAAAAABAAEAAAICTAEAOw==\" style=\"--smush-placeholder-width: 1600px; --smush-placeholder-aspect-ratio: 1600\/1084;\" \/>\t\t\t\t\t\t\t\t<\/a>\n\t\t\t\t\t\t\t\t\t\t\t\t\t\t\t<\/div>\n\t\t\t\t<\/div>\n\t\t\t\t\t<\/div>\n\t\t<\/div>\n\t\t\t\t\t<\/div>\n\t\t<\/section>\n\t\t\t\t<section class=\"elementor-section elementor-top-section elementor-element elementor-element-97ec893 elementor-section-full_width elementor-section-height-full elementor-section-items-stretch elementor-section-content-bottom sticky-section-4 sticky elementor-section-height-default\" data-id=\"97ec893\" data-element_type=\"section\" data-settings=\"{&quot;background_background&quot;:&quot;classic&quot;}\">\n\t\t\t\t\t\t<div class=\"elementor-container elementor-column-gap-default\">\n\t\t\t\t\t<div class=\"elementor-column elementor-col-100 elementor-top-column elementor-element elementor-element-29c9d75\" data-id=\"29c9d75\" data-element_type=\"column\">\n\t\t\t<div class=\"elementor-widget-wrap elementor-element-populated\">\n\t\t\t\t\t\t<div class=\"elementor-element elementor-element-4800e50 elementor-widget__width-auto textito elementor-widget elementor-widget-text-editor\" data-id=\"4800e50\" data-element_type=\"widget\" data-widget_type=\"text-editor.default\">\n\t\t\t\t<div class=\"elementor-widget-container\">\n\t\t\t\t\t\t\t\t\t<h2>Infograf\u00edas<\/h2>\nTenemos el equipo necesario que nos permite afrontar cualquier tipo de proyecto.  siempre creando im\u00e1genes fotorrealistas, para que percibas el resultado como si fuera una imagen real, para que logres tus objetivos en cualquier campa\u00f1a que te propongas.\nNo es lo mismo explicar las cosas que mostrarlas, por eso, cuenta con nosotros para darle otra dimensi\u00f3n m\u00e1s a tu proyecto.\n\t\t\t\t\t\t\t\t<\/div>\n\t\t\t\t<\/div>\n\t\t\t\t<div class=\"elementor-element elementor-element-edea40a elementor-widget elementor-widget-image\" data-id=\"edea40a\" data-element_type=\"widget\" data-widget_type=\"image.default\">\n\t\t\t\t<div class=\"elementor-widget-container\">\n\t\t\t\t\t\t\t\t\t\t\t\t\t\t\t\t<a href=\"https:\/\/tangointeriorismo.com\/fr\/infografias\/\">\n\t\t\t\t\t\t\t<img decoding=\"async\" width=\"2048\" height=\"1229\" data-src=\"https:\/\/tangointeriorismo.com\/wp-content\/uploads\/2023\/05\/unnamed20-mini-2048x1229.jpg\" class=\"attachment-2048x2048 size-2048x2048 wp-image-2247 lazyload\" alt=\"\" data-srcset=\"https:\/\/tangointeriorismo.com\/wp-content\/uploads\/2023\/05\/unnamed20-mini-2048x1229.jpg 2048w, https:\/\/tangointeriorismo.com\/wp-content\/uploads\/2023\/05\/unnamed20-mini-300x180.jpg 300w, https:\/\/tangointeriorismo.com\/wp-content\/uploads\/2023\/05\/unnamed20-mini-1024x614.jpg 1024w, https:\/\/tangointeriorismo.com\/wp-content\/uploads\/2023\/05\/unnamed20-mini-768x461.jpg 768w, https:\/\/tangointeriorismo.com\/wp-content\/uploads\/2023\/05\/unnamed20-mini-1536x922.jpg 1536w\" data-sizes=\"(max-width: 2048px) 100vw, 2048px\" src=\"data:image\/gif;base64,R0lGODlhAQABAAAAACH5BAEKAAEALAAAAAABAAEAAAICTAEAOw==\" style=\"--smush-placeholder-width: 2048px; --smush-placeholder-aspect-ratio: 2048\/1229;\" \/>\t\t\t\t\t\t\t\t<\/a>\n\t\t\t\t\t\t\t\t\t\t\t\t\t\t\t<\/div>\n\t\t\t\t<\/div>\n\t\t\t\t\t<\/div>\n\t\t<\/div>\n\t\t\t\t\t<\/div>\n\t\t<\/section>\n\t\t\t\t<section class=\"elementor-section elementor-top-section elementor-element elementor-element-bf8aa19 elementor-section-full_width elementor-section-height-full elementor-section-items-stretch elementor-section-content-bottom sticky-section-5 sticky elementor-section-height-default\" data-id=\"bf8aa19\" data-element_type=\"section\" data-settings=\"{&quot;background_background&quot;:&quot;classic&quot;}\">\n\t\t\t\t\t\t<div class=\"elementor-container elementor-column-gap-default\">\n\t\t\t\t\t<div class=\"elementor-column elementor-col-100 elementor-top-column elementor-element elementor-element-2735374\" data-id=\"2735374\" data-element_type=\"column\">\n\t\t\t<div class=\"elementor-widget-wrap elementor-element-populated\">\n\t\t\t\t\t\t<div class=\"elementor-element elementor-element-3a29a2b elementor-widget__width-auto textito elementor-widget elementor-widget-text-editor\" data-id=\"3a29a2b\" data-element_type=\"widget\" data-widget_type=\"text-editor.default\">\n\t\t\t\t<div class=\"elementor-widget-container\">\n\t\t\t\t\t\t\t\t\t<h2>Branding<\/h2>\nUn buen dise\u00f1o de logotipo revela tu personalidad. Un buen logo determina qui\u00e9n eres y te distingue de la competencia.  Atr\u00e9vete a destacar al dise\u00f1arlo. \t\t\t\t\t\t\t\t<\/div>\n\t\t\t\t<\/div>\n\t\t\t\t<div class=\"elementor-element elementor-element-7523817 elementor-widget elementor-widget-image\" data-id=\"7523817\" data-element_type=\"widget\" data-widget_type=\"image.default\">\n\t\t\t\t<div class=\"elementor-widget-container\">\n\t\t\t\t\t\t\t\t\t\t\t\t\t\t\t\t<a href=\"https:\/\/www.tangoestudio.com\/diseno-grafico-malaga\/\">\n\t\t\t\t\t\t\t<img decoding=\"async\" width=\"2048\" height=\"1027\" data-src=\"https:\/\/tangointeriorismo.com\/wp-content\/uploads\/2023\/07\/diseno-logo-imagen-corporativa-tango-estudio-2048x1027.webp\" class=\"attachment-2048x2048 size-2048x2048 wp-image-2674 lazyload\" alt=\"Dise\u00f1o logotipos e imagen corporativa tango estudio\" data-srcset=\"https:\/\/tangointeriorismo.com\/wp-content\/uploads\/2023\/07\/diseno-logo-imagen-corporativa-tango-estudio-2048x1027.webp 2048w, https:\/\/tangointeriorismo.com\/wp-content\/uploads\/2023\/07\/diseno-logo-imagen-corporativa-tango-estudio-300x151.webp 300w, https:\/\/tangointeriorismo.com\/wp-content\/uploads\/2023\/07\/diseno-logo-imagen-corporativa-tango-estudio-1024x514.webp 1024w, https:\/\/tangointeriorismo.com\/wp-content\/uploads\/2023\/07\/diseno-logo-imagen-corporativa-tango-estudio-768x385.webp 768w, https:\/\/tangointeriorismo.com\/wp-content\/uploads\/2023\/07\/diseno-logo-imagen-corporativa-tango-estudio-1536x771.webp 1536w\" data-sizes=\"(max-width: 2048px) 100vw, 2048px\" src=\"data:image\/gif;base64,R0lGODlhAQABAAAAACH5BAEKAAEALAAAAAABAAEAAAICTAEAOw==\" style=\"--smush-placeholder-width: 2048px; --smush-placeholder-aspect-ratio: 2048\/1027;\" \/>\t\t\t\t\t\t\t\t<\/a>\n\t\t\t\t\t\t\t\t\t\t\t\t\t\t\t<\/div>\n\t\t\t\t<\/div>\n\t\t\t\t\t<\/div>\n\t\t<\/div>\n\t\t\t\t\t<\/div>\n\t\t<\/section>\n\t\t\t\t<\/div>","protected":false},"excerpt":{"rendered":"<p>Viviendas comercial infograf\u00edas branding Arrow-home Viviendas Especialistas en proyectos de interiorismo y decoraci\u00f3n, podr\u00e1s rehabilitar, reformar, dise\u00f1ar y decorar tu tienda, local o vivienda. Comercial Decoradores especializados en dise\u00f1o de interiores en espacios comerciales. Ofrecemos un servicio de gesti\u00f3n integral, abarcando todas las fases de la implantaci\u00f3n o reforma de un establecimiento, ya sea comercial [&hellip;]<\/p>\n","protected":false},"author":1,"featured_media":1565,"parent":0,"menu_order":0,"comment_status":"closed","ping_status":"closed","template":"elementor_header_footer","meta":{"footnotes":""},"class_list":["post-13317","page","type-page","status-publish","has-post-thumbnail","hentry"],"_links":{"self":[{"href":"https:\/\/tangointeriorismo.com\/fr\/wp-json\/wp\/v2\/pages\/13317","targetHints":{"allow":["GET"]}}],"collection":[{"href":"https:\/\/tangointeriorismo.com\/fr\/wp-json\/wp\/v2\/pages"}],"about":[{"href":"https:\/\/tangointeriorismo.com\/fr\/wp-json\/wp\/v2\/types\/page"}],"author":[{"embeddable":true,"href":"https:\/\/tangointeriorismo.com\/fr\/wp-json\/wp\/v2\/users\/1"}],"replies":[{"embeddable":true,"href":"https:\/\/tangointeriorismo.com\/fr\/wp-json\/wp\/v2\/comments?post=13317"}],"version-history":[{"count":170,"href":"https:\/\/tangointeriorismo.com\/fr\/wp-json\/wp\/v2\/pages\/13317\/revisions"}],"predecessor-version":[{"id":13803,"href":"https:\/\/tangointeriorismo.com\/fr\/wp-json\/wp\/v2\/pages\/13317\/revisions\/13803"}],"wp:featuredmedia":[{"embeddable":true,"href":"https:\/\/tangointeriorismo.com\/fr\/wp-json\/wp\/v2\/media\/1565"}],"wp:attachment":[{"href":"https:\/\/tangointeriorismo.com\/fr\/wp-json\/wp\/v2\/media?parent=13317"}],"curies":[{"name":"wp","href":"https:\/\/api.w.org\/{rel}","templated":true}]}}